{"id":143,"date":"2026-02-28T08:14:51","date_gmt":"2026-02-28T08:14:51","guid":{"rendered":"https:\/\/primfrais.com\/?page_id=143"},"modified":"2026-02-28T08:53:55","modified_gmt":"2026-02-28T08:53:55","slug":"fruits-legumes","status":"publish","type":"page","link":"https:\/\/primfrais.com\/en\/fruits-legumes\/","title":{"rendered":"Fruits &#038; L\u00e9gumes"},"content":{"rendered":"<p>[et_pb_section fb_built=\u00a0\u00bb1&Prime; _builder_version=\u00a0\u00bb4.27.5&Prime; _module_preset=\u00a0\u00bbdefault\u00a0\u00bb background_image=\u00a0\u00bbhttp:\/\/primfrais.com\/wp-content\/uploads\/2017\/03\/fruits_banner-2.jpg\u00a0\u00bb custom_padding=\u00a0\u00bb100px||100px||true|false\u00a0\u00bb hover_enabled=\u00a0\u00bb0&Prime; global_colors_info=\u00a0\u00bb{}\u00a0\u00bb custom_padding_last_edited=\u00a0\u00bbon|phone\u00a0\u00bb custom_padding_phone=\u00a0\u00bb20px||20px||true|false\u00a0\u00bb sticky_enabled=\u00a0\u00bb0&Prime; custom_padding_tablet=\u00a0\u00bb100px||100px||true|false\u00a0\u00bb][et_pb_row _builder_version=\u00a0\u00bb4.27.5&Prime; _module_preset=\u00a0\u00bbdefault\u00a0\u00bb global_colors_info=\u00a0\u00bb{}\u00a0\u00bb][et_pb_column type=\u00a0\u00bb4_4&Prime; _builder_version=\u00a0\u00bb4.27.5&Prime; _module_preset=\u00a0\u00bbdefault\u00a0\u00bb global_colors_info=\u00a0\u00bb{}\u00a0\u00bb][\/et_pb_column][\/et_pb_row][\/et_pb_section][et_pb_section fb_built=\u00a0\u00bb1&Prime; _builder_version=\u00a0\u00bb4.27.5&Prime; _module_preset=\u00a0\u00bbdefault\u00a0\u00bb custom_padding=\u00a0\u00bb5px||5px||true|false\u00a0\u00bb global_colors_info=\u00a0\u00bb{}\u00a0\u00bb][et_pb_row column_structure=\u00a0\u00bb1_2,1_2&Prime; use_custom_gutter=\u00a0\u00bbon\u00a0\u00bb gutter_width=\u00a0\u00bb2&Prime; _builder_version=\u00a0\u00bb4.27.5&Prime; _module_preset=\u00a0\u00bbdefault\u00a0\u00bb width=\u00a0\u00bb100%\u00a0\u00bb max_width=\u00a0\u00bb1170px\u00a0\u00bb hover_enabled=\u00a0\u00bb0&Prime; global_colors_info=\u00a0\u00bb{}\u00a0\u00bb custom_padding_last_edited=\u00a0\u00bbon|phone\u00a0\u00bb custom_padding_tablet=\u00a0\u00bb|20px||20px|false|true\u00a0\u00bb sticky_enabled=\u00a0\u00bb0&Prime; custom_padding_phone=\u00a0\u00bb|20px||20px|false|true\u00a0\u00bb][et_pb_column type=\u00a0\u00bb1_2&Prime; _builder_version=\u00a0\u00bb4.27.5&Prime; _module_preset=\u00a0\u00bbdefault\u00a0\u00bb global_colors_info=\u00a0\u00bb{}\u00a0\u00bb][et_pb_text _builder_version=\u00a0\u00bb4.27.5&Prime; _module_preset=\u00a0\u00bbdefault\u00a0\u00bb header_font=\u00a0\u00bb|||on|||||\u00a0\u00bb header_text_color=\u00a0\u00bb#94c766&Prime; global_colors_info=\u00a0\u00bb{}\u00a0\u00bb]<\/p>\n<h1>Fruits &amp; L\u00e9gumes<\/h1>\n<p style=\"font-family: Droid Serif;\"><em>Un grand choix de fruits et l\u00e9gumes<\/em><\/p>\n<p>&nbsp;<\/p>\n<p>Nous vous proposons aussi des l\u00e9gumes de saison issus de producteurs locaux tels que :<\/p>\n<p><em>Bernard St\u00e9phanie<\/em><br \/><em>Vincent Allegre<\/em><br \/><em>Martinet Gilles<\/em><\/p>\n<p>Nous pouvons vous composer des corbeilles de fruits ou de l\u00e9gumes pour Tombola, Loto, etc.<\/p>\n<p>[\/et_pb_text][\/et_pb_column][et_pb_column type=\u00a0\u00bb1_2&Prime; _builder_version=\u00a0\u00bb4.27.5&Prime; _module_preset=\u00a0\u00bbdefault\u00a0\u00bb global_colors_info=\u00a0\u00bb{}\u00a0\u00bb][et_pb_gallery gallery_ids=\u00a0\u00bb52,51,50&Prime; fullwidth=\u00a0\u00bbon\u00a0\u00bb _builder_version=\u00a0\u00bb4.27.5&Prime; _module_preset=\u00a0\u00bbdefault\u00a0\u00bb global_colors_info=\u00a0\u00bb{}\u00a0\u00bb][\/et_pb_gallery][\/et_pb_column][\/et_pb_row][\/et_pb_section][et_pb_section fb_built=\u00a0\u00bb1&Prime; _builder_version=\u00a0\u00bb4.27.5&Prime; _module_preset=\u00a0\u00bbdefault\u00a0\u00bb global_colors_info=\u00a0\u00bb{}\u00a0\u00bb custom_padding=\u00a0\u00bb9px|||||\u00a0\u00bb][et_pb_row _builder_version=\u00a0\u00bb4.27.5&Prime; _module_preset=\u00a0\u00bbdefault\u00a0\u00bb global_colors_info=\u00a0\u00bb{}\u00a0\u00bb][et_pb_column type=\u00a0\u00bb4_4&Prime; _builder_version=\u00a0\u00bb4.27.5&Prime; _module_preset=\u00a0\u00bbdefault\u00a0\u00bb global_colors_info=\u00a0\u00bb{}\u00a0\u00bb][dnxtmg_masonary gallery_ids=\u00a0\u00bb7,11,8,10,9&Prime; thumb_size=\u00a0\u00bblarge\u00a0\u00bb _builder_version=\u00a0\u00bb4.27.5&Prime; _module_preset=\u00a0\u00bbdefault\u00a0\u00bb hover_enabled=\u00a0\u00bb0&Prime; global_colors_info=\u00a0\u00bb{}\u00a0\u00bb dnxtmg_columns_last_edited=\u00a0\u00bbon|phone\u00a0\u00bb dnxtmg_columns_phone=\u00a0\u00bb1&Prime; sticky_enabled=\u00a0\u00bb0&Prime;][\/dnxtmg_masonary][\/et_pb_column][\/et_pb_row][\/et_pb_section]<\/p>\n","protected":false},"excerpt":{"rendered":"<p>Fruits &amp; L\u00e9gumes Un grand choix de fruits et l\u00e9gumes &nbsp; Nous vous proposons aussi des l\u00e9gumes de saison issus de producteurs locaux tels que : Bernard St\u00e9phanieVincent AllegreMartinet Gilles Nous pouvons vous composer des corbeilles de fruits ou de l\u00e9gumes pour Tombola, Loto, etc.<div class=\"et_pb_module dnxtmg_masonary dnxtmg_masonary_0\">\n\t\t\t\t\n\t\t\t\t\n\t\t\t\t\n\t\t\t\t\n\t\t\t\t\n\t\t\t\t\n\t\t\t\t<div class=\"et_pb_module_inner\">\n\t\t\t\t\t<div class=\"dnxtmg-msnary-wrapper\"><div class=\"dnxtmg-grid\"><div class=\"dnxtmg-msnary-grid\" id=\"dnxtmg-masonry-grid\" data-lightbox=\"1\" data-gutter=\"10\" data-columns=\"4\" data-gutter-map=\"10|10|10\" data-column-map=\"4|4|1\"><div class=\"grid-sizer\"><\/div><div class=\"gutter-sizer\"><\/div><div class=\"dnxtmg-msnary-item et_pb_gallery_image\"> <a class=\"image-link imghvr-msnary-none imghve-color\" href=\"https:\/\/primfrais.com\/wp-content\/uploads\/2017\/03\/LY7A0013.jpg\" target=\"\" data-title=\"\" data-caption=\"\">\r\n                    <img width=\"1024\" height=\"682\" src=\"https:\/\/primfrais.com\/wp-content\/uploads\/2017\/03\/LY7A0013-1024x682.jpg\" class=\"attachment-large size-large\" alt=\"\" decoding=\"async\" loading=\"lazy\" srcset=\"https:\/\/primfrais.com\/wp-content\/uploads\/2017\/03\/LY7A0013-1024x682.jpg 1024w, https:\/\/primfrais.com\/wp-content\/uploads\/2017\/03\/LY7A0013-300x200.jpg 300w, https:\/\/primfrais.com\/wp-content\/uploads\/2017\/03\/LY7A0013-768x512.jpg 768w, https:\/\/primfrais.com\/wp-content\/uploads\/2017\/03\/LY7A0013-1536x1023.jpg 1536w, https:\/\/primfrais.com\/wp-content\/uploads\/2017\/03\/LY7A0013.jpg 1642w\" sizes=\"(max-width: 1024px) 100vw, 1024px\" \/>\r\n                <\/a><span class=\"dnxtmg_ovl et_overlay\" data-icon=\"L\" data-icon-tablet=\"L\" data-icon-phone=\"L\" >\r\n                    <div class='dnxtmg-msnary-details'><\/div><\/div><!-- .dnxtmg-msnary-details -->\r\n                <\/span><div class=\"dnxtmg-msnary-item et_pb_gallery_image\"> <a class=\"image-link imghvr-msnary-none imghve-color\" href=\"https:\/\/primfrais.com\/wp-content\/uploads\/2017\/03\/LY7A0030.jpg\" target=\"\" data-title=\"\" data-caption=\"\">\r\n                    <img width=\"682\" height=\"1024\" src=\"https:\/\/primfrais.com\/wp-content\/uploads\/2017\/03\/LY7A0030-682x1024.jpg\" class=\"attachment-large size-large\" alt=\"\" decoding=\"async\" loading=\"lazy\" srcset=\"https:\/\/primfrais.com\/wp-content\/uploads\/2017\/03\/LY7A0030-682x1024.jpg 682w, https:\/\/primfrais.com\/wp-content\/uploads\/2017\/03\/LY7A0030-200x300.jpg 200w, https:\/\/primfrais.com\/wp-content\/uploads\/2017\/03\/LY7A0030-768x1153.jpg 768w, https:\/\/primfrais.com\/wp-content\/uploads\/2017\/03\/LY7A0030-1023x1536.jpg 1023w, https:\/\/primfrais.com\/wp-content\/uploads\/2017\/03\/LY7A0030.jpg 1094w\" sizes=\"(max-width: 682px) 100vw, 682px\" \/>\r\n                <\/a><span class=\"dnxtmg_ovl et_overlay\" data-icon=\"L\" data-icon-tablet=\"L\" data-icon-phone=\"L\" >\r\n                    <div class='dnxtmg-msnary-details'><\/div><\/div><!-- .dnxtmg-msnary-details -->\r\n                <\/span><div class=\"dnxtmg-msnary-item et_pb_gallery_image\"> <a class=\"image-link imghvr-msnary-none imghve-color\" href=\"https:\/\/primfrais.com\/wp-content\/uploads\/2017\/03\/LY7A0023.jpg\" target=\"\" data-title=\"\" data-caption=\"\">\r\n                    <img width=\"1024\" height=\"683\" src=\"https:\/\/primfrais.com\/wp-content\/uploads\/2017\/03\/LY7A0023-1024x683.jpg\" class=\"attachment-large size-large\" alt=\"\" decoding=\"async\" loading=\"lazy\" srcset=\"https:\/\/primfrais.com\/wp-content\/uploads\/2017\/03\/LY7A0023-1024x683.jpg 1024w, https:\/\/primfrais.com\/wp-content\/uploads\/2017\/03\/LY7A0023-300x200.jpg 300w, https:\/\/primfrais.com\/wp-content\/uploads\/2017\/03\/LY7A0023-768x512.jpg 768w, https:\/\/primfrais.com\/wp-content\/uploads\/2017\/03\/LY7A0023-1536x1024.jpg 1536w, https:\/\/primfrais.com\/wp-content\/uploads\/2017\/03\/LY7A0023.jpg 1557w\" sizes=\"(max-width: 1024px) 100vw, 1024px\" \/>\r\n                <\/a><span class=\"dnxtmg_ovl et_overlay\" data-icon=\"L\" data-icon-tablet=\"L\" data-icon-phone=\"L\" >\r\n                    <div class='dnxtmg-msnary-details'><\/div><\/div><!-- .dnxtmg-msnary-details -->\r\n                <\/span><div class=\"dnxtmg-msnary-item et_pb_gallery_image\"> <a class=\"image-link imghvr-msnary-none imghve-color\" href=\"https:\/\/primfrais.com\/wp-content\/uploads\/2017\/03\/LY7A0025.jpg\" target=\"\" data-title=\"\" data-caption=\"\">\r\n                    <img width=\"1024\" height=\"682\" src=\"https:\/\/primfrais.com\/wp-content\/uploads\/2017\/03\/LY7A0025-1024x682.jpg\" class=\"attachment-large size-large\" alt=\"\" decoding=\"async\" loading=\"lazy\" srcset=\"https:\/\/primfrais.com\/wp-content\/uploads\/2017\/03\/LY7A0025-1024x682.jpg 1024w, https:\/\/primfrais.com\/wp-content\/uploads\/2017\/03\/LY7A0025-300x200.jpg 300w, https:\/\/primfrais.com\/wp-content\/uploads\/2017\/03\/LY7A0025-768x512.jpg 768w, https:\/\/primfrais.com\/wp-content\/uploads\/2017\/03\/LY7A0025-1536x1023.jpg 1536w, https:\/\/primfrais.com\/wp-content\/uploads\/2017\/03\/LY7A0025.jpg 1642w\" sizes=\"(max-width: 1024px) 100vw, 1024px\" \/>\r\n                <\/a><span class=\"dnxtmg_ovl et_overlay\" data-icon=\"L\" data-icon-tablet=\"L\" data-icon-phone=\"L\" >\r\n                    <div class='dnxtmg-msnary-details'><\/div><\/div><!-- .dnxtmg-msnary-details -->\r\n                <\/span><div class=\"dnxtmg-msnary-item et_pb_gallery_image\"> <a class=\"image-link imghvr-msnary-none imghve-color\" href=\"https:\/\/primfrais.com\/wp-content\/uploads\/2017\/03\/LY7A0024.jpg\" target=\"\" data-title=\"\" data-caption=\"\">\r\n                    <img width=\"1024\" height=\"626\" src=\"https:\/\/primfrais.com\/wp-content\/uploads\/2017\/03\/LY7A0024-1024x626.jpg\" class=\"attachment-large size-large\" alt=\"\" decoding=\"async\" loading=\"lazy\" srcset=\"https:\/\/primfrais.com\/wp-content\/uploads\/2017\/03\/LY7A0024-1024x626.jpg 1024w, https:\/\/primfrais.com\/wp-content\/uploads\/2017\/03\/LY7A0024-300x183.jpg 300w, https:\/\/primfrais.com\/wp-content\/uploads\/2017\/03\/LY7A0024-768x470.jpg 768w, https:\/\/primfrais.com\/wp-content\/uploads\/2017\/03\/LY7A0024.jpg 1313w\" sizes=\"(max-width: 1024px) 100vw, 1024px\" \/>\r\n                <\/a><span class=\"dnxtmg_ovl et_overlay\" data-icon=\"L\" data-icon-tablet=\"L\" data-icon-phone=\"L\" >\r\n                    <div class='dnxtmg-msnary-details'><\/div><\/div><!-- .dnxtmg-msnary-details -->\r\n                <\/span><\/div><\/div><\/div><!-- .dnxtmg-msnary-grid -->\n\t\t\t\t<\/div>\n\t\t\t<\/div><\/p>","protected":false},"author":1,"featured_media":0,"parent":0,"menu_order":0,"comment_status":"closed","ping_status":"closed","template":"","meta":{"_seopress_robots_primary_cat":"","_seopress_titles_title":"","_seopress_titles_desc":"","_seopress_robots_index":"","_et_pb_use_builder":"on","_et_pb_old_content":"","_et_gb_content_width":"","footnotes":""},"class_list":["post-143","page","type-page","status-publish","hentry"],"_links":{"self":[{"href":"https:\/\/primfrais.com\/en\/wp-json\/wp\/v2\/pages\/143","targetHints":{"allow":["GET"]}}],"collection":[{"href":"https:\/\/primfrais.com\/en\/wp-json\/wp\/v2\/pages"}],"about":[{"href":"https:\/\/primfrais.com\/en\/wp-json\/wp\/v2\/types\/page"}],"author":[{"embeddable":true,"href":"https:\/\/primfrais.com\/en\/wp-json\/wp\/v2\/users\/1"}],"replies":[{"embeddable":true,"href":"https:\/\/primfrais.com\/en\/wp-json\/wp\/v2\/comments?post=143"}],"version-history":[{"count":7,"href":"https:\/\/primfrais.com\/en\/wp-json\/wp\/v2\/pages\/143\/revisions"}],"predecessor-version":[{"id":197,"href":"https:\/\/primfrais.com\/en\/wp-json\/wp\/v2\/pages\/143\/revisions\/197"}],"wp:attachment":[{"href":"https:\/\/primfrais.com\/en\/wp-json\/wp\/v2\/media?parent=143"}],"curies":[{"name":"wp","href":"https:\/\/api.w.org\/{rel}","templated":true}]}}