{"id":144,"date":"2026-02-28T08:14:51","date_gmt":"2026-02-28T08:14:51","guid":{"rendered":"https:\/\/primfrais.com\/?page_id=144"},"modified":"2026-02-28T09:00:26","modified_gmt":"2026-02-28T09:00:26","slug":"boucherie-charcuterie","status":"publish","type":"page","link":"https:\/\/primfrais.com\/en\/boucherie-charcuterie\/","title":{"rendered":"Boucherie Charcuterie"},"content":{"rendered":"<p>[et_pb_section fb_built=\u00a0\u00bb1&Prime; _builder_version=\u00a0\u00bb4.27.5&Prime; _module_preset=\u00a0\u00bbdefault\u00a0\u00bb custom_padding=\u00a0\u00bb5px||5px||true|false\u00a0\u00bb global_colors_info=\u00a0\u00bb{}\u00a0\u00bb theme_builder_area=\u00a0\u00bbpost_content\u00a0\u00bb][et_pb_row use_custom_gutter=\u00a0\u00bbon\u00a0\u00bb gutter_width=\u00a0\u00bb2&Prime; _builder_version=\u00a0\u00bb4.27.5&Prime; _module_preset=\u00a0\u00bbdefault\u00a0\u00bb width=\u00a0\u00bb100%\u00a0\u00bb max_width=\u00a0\u00bb1170px\u00a0\u00bb hover_enabled=\u00a0\u00bb0&Prime; global_colors_info=\u00a0\u00bb{}\u00a0\u00bb theme_builder_area=\u00a0\u00bbpost_content\u00a0\u00bb custom_padding_last_edited=\u00a0\u00bbon|tablet\u00a0\u00bb sticky_enabled=\u00a0\u00bb0&Prime; custom_padding_tablet=\u00a0\u00bb|20px||20px|false|true\u00a0\u00bb custom_padding=\u00a0\u00bb||3px|||\u00a0\u00bb custom_padding_phone=\u00a0\u00bb|20px||20px|false|true\u00a0\u00bb][et_pb_column type=\u00a0\u00bb4_4&Prime; _builder_version=\u00a0\u00bb4.27.5&Prime; _module_preset=\u00a0\u00bbdefault\u00a0\u00bb global_colors_info=\u00a0\u00bb{}\u00a0\u00bb theme_builder_area=\u00a0\u00bbpost_content\u00a0\u00bb][et_pb_text _builder_version=\u00a0\u00bb4.27.5&Prime; _module_preset=\u00a0\u00bbdefault\u00a0\u00bb header_font=\u00a0\u00bb|||on|||||\u00a0\u00bb header_text_color=\u00a0\u00bb#E02B20&Prime; hover_enabled=\u00a0\u00bb0&Prime; global_colors_info=\u00a0\u00bb{}\u00a0\u00bb theme_builder_area=\u00a0\u00bbpost_content\u00a0\u00bb sticky_enabled=\u00a0\u00bb0&Prime;]<\/p>\n<h1>Boucherie Charcuterie\u00a0<\/h1>\n<p>Nous vous proposons un grand choix de viande d\u2019origine Fran\u00e7aise et locale : porc, b\u0153uf, veau du S\u00e9gala, agneau, volaille.<\/p>\n<p>[\/et_pb_text][\/et_pb_column][\/et_pb_row][\/et_pb_section][et_pb_section fb_built=\u00a0\u00bb1&Prime; _builder_version=\u00a0\u00bb4.27.5&Prime; _module_preset=\u00a0\u00bbdefault\u00a0\u00bb global_colors_info=\u00a0\u00bb{}\u00a0\u00bb theme_builder_area=\u00a0\u00bbpost_content\u00a0\u00bb custom_padding=\u00a0\u00bb9px|||||\u00a0\u00bb][et_pb_row _builder_version=\u00a0\u00bb4.27.5&Prime; _module_preset=\u00a0\u00bbdefault\u00a0\u00bb global_colors_info=\u00a0\u00bb{}\u00a0\u00bb theme_builder_area=\u00a0\u00bbpost_content\u00a0\u00bb][et_pb_column type=\u00a0\u00bb4_4&Prime; _builder_version=\u00a0\u00bb4.27.5&Prime; _module_preset=\u00a0\u00bbdefault\u00a0\u00bb global_colors_info=\u00a0\u00bb{}\u00a0\u00bb theme_builder_area=\u00a0\u00bbpost_content\u00a0\u00bb][dnxtmg_masonary gallery_ids=\u00a0\u00bb32,29,27,28&Prime; _builder_version=\u00a0\u00bb4.27.5&Prime; _module_preset=\u00a0\u00bbdefault\u00a0\u00bb hover_enabled=\u00a0\u00bb0&Prime; global_colors_info=\u00a0\u00bb{}\u00a0\u00bb theme_builder_area=\u00a0\u00bbpost_content\u00a0\u00bb dnxtmg_columns=\u00a0\u00bb3&Prime; sticky_enabled=\u00a0\u00bb0&Prime; dnxtmg_columns_last_edited=\u00a0\u00bbon|phone\u00a0\u00bb dnxtmg_columns_phone=\u00a0\u00bb1&Prime; dnxtmg_columns_tablet=\u00a0\u00bb3&Prime;][\/dnxtmg_masonary][\/et_pb_column][\/et_pb_row][\/et_pb_section]<\/p>\n","protected":false},"excerpt":{"rendered":"<p>Boucherie Charcuterie\u00a0 Nous vous proposons un grand choix de viande d\u2019origine Fran\u00e7aise et locale : porc, b\u0153uf, veau du S\u00e9gala, agneau, volaille.<div class=\"et_pb_module dnxtmg_masonary dnxtmg_masonary_0\">\n\t\t\t\t\n\t\t\t\t\n\t\t\t\t\n\t\t\t\t\n\t\t\t\t\n\t\t\t\t\n\t\t\t\t<div class=\"et_pb_module_inner\">\n\t\t\t\t\t<div class=\"dnxtmg-msnary-wrapper\"><div class=\"dnxtmg-grid\"><div class=\"dnxtmg-msnary-grid\" id=\"dnxtmg-masonry-grid\" data-lightbox=\"1\" data-gutter=\"10\" data-columns=\"3\" data-gutter-map=\"10|10|10\" data-column-map=\"3|3|1\"><div class=\"grid-sizer\"><\/div><div class=\"gutter-sizer\"><\/div><div class=\"dnxtmg-msnary-item et_pb_gallery_image\"> <a class=\"image-link imghvr-msnary-none imghve-color\" href=\"https:\/\/primfrais.com\/wp-content\/uploads\/2017\/04\/LY7A0049.jpg\" target=\"\" data-title=\"\" data-caption=\"\">\r\n                    <img width=\"1642\" height=\"1094\" src=\"https:\/\/primfrais.com\/wp-content\/uploads\/2017\/04\/LY7A0049.jpg\" class=\"attachment-full size-full\" alt=\"\" decoding=\"async\" loading=\"lazy\" srcset=\"https:\/\/primfrais.com\/wp-content\/uploads\/2017\/04\/LY7A0049.jpg 1642w, https:\/\/primfrais.com\/wp-content\/uploads\/2017\/04\/LY7A0049-300x200.jpg 300w, https:\/\/primfrais.com\/wp-content\/uploads\/2017\/04\/LY7A0049-1024x682.jpg 1024w, https:\/\/primfrais.com\/wp-content\/uploads\/2017\/04\/LY7A0049-768x512.jpg 768w, https:\/\/primfrais.com\/wp-content\/uploads\/2017\/04\/LY7A0049-1536x1023.jpg 1536w\" sizes=\"(max-width: 1642px) 100vw, 1642px\" \/>\r\n                <\/a><span class=\"dnxtmg_ovl et_overlay\" data-icon=\"L\" data-icon-tablet=\"L\" data-icon-phone=\"L\" >\r\n                    <div class='dnxtmg-msnary-details'><\/div><\/div><!-- .dnxtmg-msnary-details -->\r\n                <\/span><div class=\"dnxtmg-msnary-item et_pb_gallery_image\"> <a class=\"image-link imghvr-msnary-none imghve-color\" href=\"https:\/\/primfrais.com\/wp-content\/uploads\/2017\/04\/LY7A0038.jpg\" target=\"\" data-title=\"\" data-caption=\"\">\r\n                    <img width=\"1642\" height=\"1094\" src=\"https:\/\/primfrais.com\/wp-content\/uploads\/2017\/04\/LY7A0038.jpg\" class=\"attachment-full size-full\" alt=\"\" decoding=\"async\" loading=\"lazy\" srcset=\"https:\/\/primfrais.com\/wp-content\/uploads\/2017\/04\/LY7A0038.jpg 1642w, https:\/\/primfrais.com\/wp-content\/uploads\/2017\/04\/LY7A0038-300x200.jpg 300w, https:\/\/primfrais.com\/wp-content\/uploads\/2017\/04\/LY7A0038-1024x682.jpg 1024w, https:\/\/primfrais.com\/wp-content\/uploads\/2017\/04\/LY7A0038-768x512.jpg 768w, https:\/\/primfrais.com\/wp-content\/uploads\/2017\/04\/LY7A0038-1536x1023.jpg 1536w\" sizes=\"(max-width: 1642px) 100vw, 1642px\" \/>\r\n                <\/a><span class=\"dnxtmg_ovl et_overlay\" data-icon=\"L\" data-icon-tablet=\"L\" data-icon-phone=\"L\" >\r\n                    <div class='dnxtmg-msnary-details'><\/div><\/div><!-- .dnxtmg-msnary-details -->\r\n                <\/span><div class=\"dnxtmg-msnary-item et_pb_gallery_image\"> <a class=\"image-link imghvr-msnary-none imghve-color\" href=\"https:\/\/primfrais.com\/wp-content\/uploads\/2017\/04\/LY7A0034.jpg\" target=\"\" data-title=\"\" data-caption=\"\">\r\n                    <img width=\"1642\" height=\"1094\" src=\"https:\/\/primfrais.com\/wp-content\/uploads\/2017\/04\/LY7A0034.jpg\" class=\"attachment-full size-full\" alt=\"\" decoding=\"async\" loading=\"lazy\" srcset=\"https:\/\/primfrais.com\/wp-content\/uploads\/2017\/04\/LY7A0034.jpg 1642w, https:\/\/primfrais.com\/wp-content\/uploads\/2017\/04\/LY7A0034-300x200.jpg 300w, https:\/\/primfrais.com\/wp-content\/uploads\/2017\/04\/LY7A0034-1024x682.jpg 1024w, https:\/\/primfrais.com\/wp-content\/uploads\/2017\/04\/LY7A0034-768x512.jpg 768w, https:\/\/primfrais.com\/wp-content\/uploads\/2017\/04\/LY7A0034-1536x1023.jpg 1536w\" sizes=\"(max-width: 1642px) 100vw, 1642px\" \/>\r\n                <\/a><span class=\"dnxtmg_ovl et_overlay\" data-icon=\"L\" data-icon-tablet=\"L\" data-icon-phone=\"L\" >\r\n                    <div class='dnxtmg-msnary-details'><\/div><\/div><!-- .dnxtmg-msnary-details -->\r\n                <\/span><div class=\"dnxtmg-msnary-item et_pb_gallery_image\"> <a class=\"image-link imghvr-msnary-none imghve-color\" href=\"https:\/\/primfrais.com\/wp-content\/uploads\/2017\/04\/LY7A0035.jpg\" target=\"\" data-title=\"\" data-caption=\"\">\r\n                    <img width=\"1523\" height=\"1016\" src=\"https:\/\/primfrais.com\/wp-content\/uploads\/2017\/04\/LY7A0035.jpg\" class=\"attachment-full size-full\" alt=\"\" decoding=\"async\" loading=\"lazy\" srcset=\"https:\/\/primfrais.com\/wp-content\/uploads\/2017\/04\/LY7A0035.jpg 1523w, https:\/\/primfrais.com\/wp-content\/uploads\/2017\/04\/LY7A0035-300x200.jpg 300w, https:\/\/primfrais.com\/wp-content\/uploads\/2017\/04\/LY7A0035-1024x683.jpg 1024w, https:\/\/primfrais.com\/wp-content\/uploads\/2017\/04\/LY7A0035-768x512.jpg 768w\" sizes=\"(max-width: 1523px) 100vw, 1523px\" \/>\r\n                <\/a><span class=\"dnxtmg_ovl et_overlay\" data-icon=\"L\" data-icon-tablet=\"L\" data-icon-phone=\"L\" >\r\n                    <div class='dnxtmg-msnary-details'><\/div><\/div><!-- .dnxtmg-msnary-details -->\r\n                <\/span><\/div><\/div><\/div><!-- .dnxtmg-msnary-grid -->\n\t\t\t\t<\/div>\n\t\t\t<\/div><\/p>","protected":false},"author":1,"featured_media":0,"parent":0,"menu_order":0,"comment_status":"closed","ping_status":"closed","template":"","meta":{"_seopress_robots_primary_cat":"","_seopress_titles_title":"","_seopress_titles_desc":"","_seopress_robots_index":"","_et_pb_use_builder":"on","_et_pb_old_content":"","_et_gb_content_width":"","footnotes":""},"class_list":["post-144","page","type-page","status-publish","hentry"],"_links":{"self":[{"href":"https:\/\/primfrais.com\/en\/wp-json\/wp\/v2\/pages\/144","targetHints":{"allow":["GET"]}}],"collection":[{"href":"https:\/\/primfrais.com\/en\/wp-json\/wp\/v2\/pages"}],"about":[{"href":"https:\/\/primfrais.com\/en\/wp-json\/wp\/v2\/types\/page"}],"author":[{"embeddable":true,"href":"https:\/\/primfrais.com\/en\/wp-json\/wp\/v2\/users\/1"}],"replies":[{"embeddable":true,"href":"https:\/\/primfrais.com\/en\/wp-json\/wp\/v2\/comments?post=144"}],"version-history":[{"count":8,"href":"https:\/\/primfrais.com\/en\/wp-json\/wp\/v2\/pages\/144\/revisions"}],"predecessor-version":[{"id":206,"href":"https:\/\/primfrais.com\/en\/wp-json\/wp\/v2\/pages\/144\/revisions\/206"}],"wp:attachment":[{"href":"https:\/\/primfrais.com\/en\/wp-json\/wp\/v2\/media?parent=144"}],"curies":[{"name":"wp","href":"https:\/\/api.w.org\/{rel}","templated":true}]}}