{"id":145,"date":"2026-02-28T08:14:51","date_gmt":"2026-02-28T08:14:51","guid":{"rendered":"https:\/\/primfrais.com\/?page_id=145"},"modified":"2026-02-28T09:00:21","modified_gmt":"2026-02-28T09:00:21","slug":"fromage-3","status":"publish","type":"page","link":"https:\/\/primfrais.com\/en\/fromage-3\/","title":{"rendered":"Fromage"},"content":{"rendered":"<p>[et_pb_section fb_built=\u00a0\u00bb1&Prime; _builder_version=\u00a0\u00bb4.27.5&Prime; _module_preset=\u00a0\u00bbdefault\u00a0\u00bb custom_padding=\u00a0\u00bb5px||5px||true|false\u00a0\u00bb global_colors_info=\u00a0\u00bb{}\u00a0\u00bb theme_builder_area=\u00a0\u00bbpost_content\u00a0\u00bb][et_pb_row column_structure=\u00a0\u00bb1_2,1_2&Prime; use_custom_gutter=\u00a0\u00bbon\u00a0\u00bb gutter_width=\u00a0\u00bb2&Prime; custom_padding_last_edited=\u00a0\u00bbon|phone\u00a0\u00bb _builder_version=\u00a0\u00bb4.27.5&Prime; _module_preset=\u00a0\u00bbdefault\u00a0\u00bb width=\u00a0\u00bb100%\u00a0\u00bb max_width=\u00a0\u00bb1170px\u00a0\u00bb custom_padding_tablet=\u00a0\u00bb|20px||20px|false|true\u00a0\u00bb custom_padding_phone=\u00a0\u00bb|20px||20px|false|true\u00a0\u00bb global_colors_info=\u00a0\u00bb{}\u00a0\u00bb theme_builder_area=\u00a0\u00bbpost_content\u00a0\u00bb][et_pb_column type=\u00a0\u00bb1_2&Prime; _builder_version=\u00a0\u00bb4.27.5&Prime; _module_preset=\u00a0\u00bbdefault\u00a0\u00bb global_colors_info=\u00a0\u00bb{}\u00a0\u00bb theme_builder_area=\u00a0\u00bbpost_content\u00a0\u00bb][et_pb_text _builder_version=\u00a0\u00bb4.27.5&Prime; _module_preset=\u00a0\u00bbdefault\u00a0\u00bb header_font=\u00a0\u00bb|||on|||||\u00a0\u00bb header_text_color=\u00a0\u00bb#ffe500&Prime; hover_enabled=\u00a0\u00bb0&Prime; global_colors_info=\u00a0\u00bb{}\u00a0\u00bb theme_builder_area=\u00a0\u00bbpost_content\u00a0\u00bb link_text_color=\u00a0\u00bb#e0a400&Prime; sticky_enabled=\u00a0\u00bb0&Prime;]<\/p>\n<h1>Fromages<\/h1>\n<p>Vous trouverez aussi une grande vari\u00e9t\u00e9 de fromages \u00e0 la coupe de qualit\u00e9 cr\u00e9mier ainsi que des fromages de fabrication locale :<\/p>\n<ul>\n<li>Vache : <a href=\"http:\/\/www.vacheriederivet.fr\/\" target=\"_blank\" rel=\"noopener noreferrer\">vacherie de Rivet (Tonnac 81)<\/a> _ <a href=\"http:\/\/www.laptiteferme.fr\/\" target=\"_blank\" rel=\"noopener noreferrer\">La petite ferme (Caussade 82)<\/a><\/li>\n<li>Ch\u00e8vre : Au cabrit de Montgieu (Bournazel 81) _ <a href=\"http:\/\/www.fromages-de-chevre.fr\/\" target=\"_blank\" rel=\"noopener noreferrer\">SARL le pic (Penne 82)<\/a> _ <a href=\"http:\/\/www.segalafrom.com\/\" target=\"_blank\" rel=\"noopener noreferrer\">La colline aux ch\u00e8vres (Carmaux 81)<\/a><\/li>\n<li>Brebis : <a href=\"https:\/\/www.labergeriedandignac.fr\/\">La fromagerie d\u2019Andignac<\/a><\/li>\n<\/ul>\n<p>&nbsp;<\/p>\n<p>[\/et_pb_text][\/et_pb_column][et_pb_column type=\u00a0\u00bb1_2&Prime; _builder_version=\u00a0\u00bb4.27.5&Prime; _module_preset=\u00a0\u00bbdefault\u00a0\u00bb global_colors_info=\u00a0\u00bb{}\u00a0\u00bb theme_builder_area=\u00a0\u00bbpost_content\u00a0\u00bb][et_pb_gallery gallery_ids=\u00a0\u00bb31,30,38&Prime; fullwidth=\u00a0\u00bbon\u00a0\u00bb _builder_version=\u00a0\u00bb4.27.5&Prime; _module_preset=\u00a0\u00bbdefault\u00a0\u00bb hover_enabled=\u00a0\u00bb0&Prime; global_colors_info=\u00a0\u00bb{}\u00a0\u00bb theme_builder_area=\u00a0\u00bbpost_content\u00a0\u00bb sticky_enabled=\u00a0\u00bb0&Prime;][\/et_pb_gallery][\/et_pb_column][\/et_pb_row][\/et_pb_section]<\/p>\n","protected":false},"excerpt":{"rendered":"<p>Fromages Vous trouverez aussi une grande vari\u00e9t\u00e9 de fromages \u00e0 la coupe de qualit\u00e9 cr\u00e9mier ainsi que des fromages de fabrication locale : Vache : vacherie de Rivet (Tonnac 81) _ La petite ferme (Caussade 82) Ch\u00e8vre : Au cabrit de Montgieu (Bournazel 81) _ SARL le pic (Penne 82) _ La colline aux ch\u00e8vres [&hellip;]<\/p>\n","protected":false},"author":1,"featured_media":0,"parent":0,"menu_order":0,"comment_status":"closed","ping_status":"closed","template":"","meta":{"_seopress_robots_primary_cat":"","_seopress_titles_title":"","_seopress_titles_desc":"","_seopress_robots_index":"","_et_pb_use_builder":"on","_et_pb_old_content":"","_et_gb_content_width":"","footnotes":""},"class_list":["post-145","page","type-page","status-publish","hentry"],"_links":{"self":[{"href":"https:\/\/primfrais.com\/en\/wp-json\/wp\/v2\/pages\/145","targetHints":{"allow":["GET"]}}],"collection":[{"href":"https:\/\/primfrais.com\/en\/wp-json\/wp\/v2\/pages"}],"about":[{"href":"https:\/\/primfrais.com\/en\/wp-json\/wp\/v2\/types\/page"}],"author":[{"embeddable":true,"href":"https:\/\/primfrais.com\/en\/wp-json\/wp\/v2\/users\/1"}],"replies":[{"embeddable":true,"href":"https:\/\/primfrais.com\/en\/wp-json\/wp\/v2\/comments?post=145"}],"version-history":[{"count":5,"href":"https:\/\/primfrais.com\/en\/wp-json\/wp\/v2\/pages\/145\/revisions"}],"predecessor-version":[{"id":204,"href":"https:\/\/primfrais.com\/en\/wp-json\/wp\/v2\/pages\/145\/revisions\/204"}],"wp:attachment":[{"href":"https:\/\/primfrais.com\/en\/wp-json\/wp\/v2\/media?parent=145"}],"curies":[{"name":"wp","href":"https:\/\/api.w.org\/{rel}","templated":true}]}}